{"id":515,"date":"2025-08-14T07:34:02","date_gmt":"2025-08-14T07:34:02","guid":{"rendered":"https:\/\/rothornsicht.ch\/?page_id=515"},"modified":"2025-08-14T14:50:45","modified_gmt":"2025-08-14T14:50:45","slug":"waschmaschine","status":"publish","type":"page","link":"https:\/\/rothornsicht.ch\/index.php\/waschmaschine\/","title":{"rendered":"Die Nutzung der Waschmaschine"},"content":{"rendered":"\n<p>Im Waschraum befindet sich eine Waschmaschine, die \u00fcber einen M\u00fcnzautomaten aktiviert wird. F\u00fcr eine reibungslose Nutzung bitten wir Sie, die <strong>folgenden Punkte zu beachten<\/strong>.<\/p>\n\n\n\n<hr class=\"wp-block-separator has-text-color has-accent-color has-alpha-channel-opacity has-accent-background-color has-background\" style=\"margin-top:var(--wp--preset--spacing--50);margin-bottom:var(--wp--preset--spacing--50)\"\/>\n\n\n\n<h2 class=\"wp-block-heading has-text-align-left\">Der M\u00fcnzautomat<\/h2>\n\n\n\n<div class=\"wp-block-group is-nowrap is-layout-flex wp-container-core-group-is-layout-6c531013 wp-block-group-is-layout-flex\">\n<p>Der Automat akzeptiert <strong>nur 50-Rappen-M\u00fcnzen<\/strong>. F\u00fcr die Waschmaschine gilt <strong>eine Zeitdauer von 13 Minuten<\/strong> pro M\u00fcnze.<\/p>\n<\/div>\n\n\n<div class=\"wp-block-image\">\n<figure class=\"aligncenter size-large is-resized\"><img loading=\"lazy\" decoding=\"async\" width=\"773\" height=\"1024\" src=\"https:\/\/rothornsicht.ch\/wp-content\/uploads\/2025\/08\/Munzautomat-Waschmaschine-773x1024.png\" alt=\"\" class=\"wp-image-518\" style=\"width:186px;height:auto\" srcset=\"https:\/\/rothornsicht.ch\/wp-content\/uploads\/2025\/08\/Munzautomat-Waschmaschine-773x1024.png 773w, https:\/\/rothornsicht.ch\/wp-content\/uploads\/2025\/08\/Munzautomat-Waschmaschine-227x300.png 227w, https:\/\/rothornsicht.ch\/wp-content\/uploads\/2025\/08\/Munzautomat-Waschmaschine-768x1017.png 768w, https:\/\/rothornsicht.ch\/wp-content\/uploads\/2025\/08\/Munzautomat-Waschmaschine-1160x1536.png 1160w, https:\/\/rothornsicht.ch\/wp-content\/uploads\/2025\/08\/Munzautomat-Waschmaschine-1546x2048.png 1546w, https:\/\/rothornsicht.ch\/wp-content\/uploads\/2025\/08\/Munzautomat-Waschmaschine-scaled.png 1933w\" sizes=\"auto, (max-width: 773px) 100vw, 773px\" \/><\/figure>\n<\/div>\n\n\n<hr class=\"wp-block-separator has-text-color has-accent-color has-alpha-channel-opacity has-accent-background-color has-background\" style=\"margin-top:var(--wp--preset--spacing--50);margin-bottom:var(--wp--preset--spacing--50)\"\/>\n\n\n\n<h2 class=\"wp-block-heading\">Benutzung der Waschmaschine<\/h2>\n\n\n\n<p>Um festzustellen, <strong>wie viele M\u00fcnzen Sie ben\u00f6tigen<\/strong>, gehen Sie am besten wie folgt vor:<\/p>\n\n\n\n<ul class=\"wp-block-list\">\n<li>\u00dcberpr\u00fcfen Sie, ob <strong>der Wasserhahn (links neben der Waschmaschine) ge\u00f6ffnet<\/strong> ist. Der Wasserhahn wird durch Drehen des Knopfes nach links ge\u00f6ffnet.<\/li>\n\n\n\n<li>Drehen Sie den Knopf am M\u00fcnzautomaten nach links und werfen Sie eine 50-Rappen-M\u00fcnze ein. Drehen Sie anschliessend den Knopf nach rechts.<\/li>\n\n\n\n<li>Schalten Sie die Waschmaschine ein und <strong>w\u00e4hlen Sie das gew\u00fcnschte Programm<\/strong>. Nach der Auswahl des Programms wird <strong>die Dauer des Programms<\/strong> angezeigt.<\/li>\n\n\n\n<li>F\u00fcllen Sie die Anzahl der M\u00fcnzen auf, sodass <strong>die Gesamtdauer des Programms abgedeckt<\/strong> ist. Zum Beispiel 7 M\u00fcnzen f\u00fcr ein Programm von 80-90 Minuten.<\/li>\n\n\n\n<li>Starten Sie das Waschprogramm.<\/li>\n<\/ul>\n\n\n<div class=\"wp-block-image\">\n<figure class=\"aligncenter size-full\"><img loading=\"lazy\" decoding=\"async\" width=\"157\" height=\"224\" src=\"https:\/\/rothornsicht.ch\/wp-content\/uploads\/2025\/08\/Schulthess-Waschmaschine.jpeg\" alt=\"\" class=\"wp-image-519\"\/><\/figure>\n<\/div>\n\n\n<hr class=\"wp-block-separator has-text-color has-accent-color has-alpha-channel-opacity has-accent-background-color has-background\" style=\"margin-top:var(--wp--preset--spacing--50);margin-bottom:var(--wp--preset--spacing--50)\"\/>\n\n\n\n<h2 class=\"wp-block-heading\">Tipps:<\/h2>\n\n\n\n<p>Werfen Sie <strong>nicht zu wenig M\u00fcnzen<\/strong> ein. Die Programmdauer ist ein Richtwert und kann beispielsweise bei einer gut gef\u00fcllten Waschtrommel einige Minuten l\u00e4nger dauern als urspr\u00fcnglich angegeben.<\/p>\n\n\n\n<p>Die T\u00fcr der Waschmaschine ist mit einem elektronischen Schloss versehen. Sobald der M\u00fcnzautomat ausgeschaltet ist, kann die T\u00fcr <strong>nur durch Einwerfen einer weiteren M\u00fcnze ge\u00f6ffnet werden<\/strong>.<\/p>\n\n\n\n<p>Stellen Sie <strong>den Timer Ihres Telefons<\/strong> ein, damit Sie gegebenenfalls noch M\u00fcnzen einwerfen und die T\u00fcr rechtzeitig \u00f6ffnen k\u00f6nnen.<\/p>\n\n\n\n<p>Bitte \u00fcberpr\u00fcfen Sie beim Verlassen des Waschraums, ob <strong>der Wasserhahn wieder geschlossen<\/strong> ist. Wir bitten unsere G\u00e4ste, <strong>den Raum so zu hinterlassen, wie sie ihn vorgefunden haben<\/strong>.<\/p>\n\n\n\n<p id=\"Waschmaschine\">Sollten Sie noch Fragen zur Nutzung haben oder auf Probleme stossen, lassen Sie es uns bitte wissen, wir helfen Ihnen gerne weiter.<\/p>\n\n\n\n<hr class=\"wp-block-separator has-text-color has-accent-color has-alpha-channel-opacity has-accent-background-color has-background\" style=\"margin-top:var(--wp--preset--spacing--50);margin-bottom:var(--wp--preset--spacing--50)\"\/>\n\n\n\n<div style=\"height:100px\" aria-hidden=\"true\" class=\"wp-block-spacer\"><\/div>\n","protected":false},"excerpt":{"rendered":"<p>Im Waschraum befindet sich eine Waschmaschine, die \u00fcber einen M\u00fcnzautomaten aktiviert wird. F\u00fcr eine reibungslose Nutzung bitten wir Sie, die folgenden Punkte zu beachten. Der M\u00fcnzautomat Der Automat akzeptiert nur 50-Rappen-M\u00fcnzen. F\u00fcr die Waschmaschine gilt eine Zeitdauer von 13 Minuten pro M\u00fcnze. Benutzung der Waschmaschine Um festzustellen, wie viele M\u00fcnzen [&hellip;]<\/p>\n","protected":false},"author":1,"featured_media":0,"parent":0,"menu_order":0,"comment_status":"closed","ping_status":"closed","template":"","meta":{"footnotes":""},"class_list":["post-515","page","type-page","status-publish","hentry"],"yoast_head":"<!-- This site is optimized with the Yoast SEO plugin v27.4 - https:\/\/yoast.com\/product\/yoast-seo-wordpress\/ -->\n<title>Die Nutzung der Waschmaschine - Ferienwohnung in S\u00f6renberg<\/title>\n<meta name=\"robots\" content=\"index, follow, max-snippet:-1, max-image-preview:large, max-video-preview:-1\" \/>\n<link rel=\"canonical\" href=\"https:\/\/rothornsicht.ch\/index.php\/waschmaschine\/\" \/>\n<meta property=\"og:locale\" content=\"de_DE\" \/>\n<meta property=\"og:type\" content=\"article\" \/>\n<meta property=\"og:title\" content=\"Die Nutzung der Waschmaschine - Ferienwohnung in S\u00f6renberg\" \/>\n<meta property=\"og:description\" content=\"Im Waschraum befindet sich eine Waschmaschine, die \u00fcber einen M\u00fcnzautomaten aktiviert wird. F\u00fcr eine reibungslose Nutzung bitten wir Sie, die folgenden Punkte zu beachten. Der M\u00fcnzautomat Der Automat akzeptiert nur 50-Rappen-M\u00fcnzen. F\u00fcr die Waschmaschine gilt eine Zeitdauer von 13 Minuten pro M\u00fcnze. Benutzung der Waschmaschine Um festzustellen, wie viele M\u00fcnzen [&hellip;]\" \/>\n<meta property=\"og:url\" content=\"https:\/\/rothornsicht.ch\/index.php\/waschmaschine\/\" \/>\n<meta property=\"og:site_name\" content=\"Ferienwohnung in S\u00f6renberg\" \/>\n<meta property=\"article:modified_time\" content=\"2025-08-14T14:50:45+00:00\" \/>\n<meta property=\"og:image\" content=\"https:\/\/rothornsicht.ch\/wp-content\/uploads\/2025\/08\/Munzautomat-Waschmaschine-773x1024.png\" \/>\n\t<meta property=\"og:image:width\" content=\"773\" \/>\n\t<meta property=\"og:image:height\" content=\"1024\" \/>\n\t<meta property=\"og:image:type\" content=\"image\/png\" \/>\n<meta name=\"twitter:card\" content=\"summary_large_image\" \/>\n<meta name=\"twitter:label1\" content=\"Gesch\u00e4tzte Lesezeit\" \/>\n\t<meta name=\"twitter:data1\" content=\"2\u00a0Minuten\" \/>\n<script type=\"application\/ld+json\" class=\"yoast-schema-graph\">{\"@context\":\"https:\\\/\\\/schema.org\",\"@graph\":[{\"@type\":\"WebPage\",\"@id\":\"https:\\\/\\\/rothornsicht.ch\\\/index.php\\\/waschmaschine\\\/\",\"url\":\"https:\\\/\\\/rothornsicht.ch\\\/index.php\\\/waschmaschine\\\/\",\"name\":\"Die Nutzung der Waschmaschine - Ferienwohnung in S\u00f6renberg\",\"isPartOf\":{\"@id\":\"https:\\\/\\\/rothornsicht.ch\\\/#website\"},\"primaryImageOfPage\":{\"@id\":\"https:\\\/\\\/rothornsicht.ch\\\/index.php\\\/waschmaschine\\\/#primaryimage\"},\"image\":{\"@id\":\"https:\\\/\\\/rothornsicht.ch\\\/index.php\\\/waschmaschine\\\/#primaryimage\"},\"thumbnailUrl\":\"https:\\\/\\\/rothornsicht.ch\\\/wp-content\\\/uploads\\\/2025\\\/08\\\/Munzautomat-Waschmaschine-773x1024.png\",\"datePublished\":\"2025-08-14T07:34:02+00:00\",\"dateModified\":\"2025-08-14T14:50:45+00:00\",\"breadcrumb\":{\"@id\":\"https:\\\/\\\/rothornsicht.ch\\\/index.php\\\/waschmaschine\\\/#breadcrumb\"},\"inLanguage\":\"de\",\"potentialAction\":[{\"@type\":\"ReadAction\",\"target\":[\"https:\\\/\\\/rothornsicht.ch\\\/index.php\\\/waschmaschine\\\/\"]}]},{\"@type\":\"ImageObject\",\"inLanguage\":\"de\",\"@id\":\"https:\\\/\\\/rothornsicht.ch\\\/index.php\\\/waschmaschine\\\/#primaryimage\",\"url\":\"https:\\\/\\\/rothornsicht.ch\\\/wp-content\\\/uploads\\\/2025\\\/08\\\/Munzautomat-Waschmaschine-scaled.png\",\"contentUrl\":\"https:\\\/\\\/rothornsicht.ch\\\/wp-content\\\/uploads\\\/2025\\\/08\\\/Munzautomat-Waschmaschine-scaled.png\",\"width\":1933,\"height\":2560},{\"@type\":\"BreadcrumbList\",\"@id\":\"https:\\\/\\\/rothornsicht.ch\\\/index.php\\\/waschmaschine\\\/#breadcrumb\",\"itemListElement\":[{\"@type\":\"ListItem\",\"position\":1,\"name\":\"Startseite\",\"item\":\"https:\\\/\\\/rothornsicht.ch\\\/\"},{\"@type\":\"ListItem\",\"position\":2,\"name\":\"Die Nutzung der Waschmaschine\"}]},{\"@type\":\"WebSite\",\"@id\":\"https:\\\/\\\/rothornsicht.ch\\\/#website\",\"url\":\"https:\\\/\\\/rothornsicht.ch\\\/\",\"name\":\"Rothornsicht - Sicht auf Entspannung\",\"description\":\"Sommer- und Winterferien in S\u00f6renberg\",\"publisher\":{\"@id\":\"https:\\\/\\\/rothornsicht.ch\\\/#organization\"},\"potentialAction\":[{\"@type\":\"SearchAction\",\"target\":{\"@type\":\"EntryPoint\",\"urlTemplate\":\"https:\\\/\\\/rothornsicht.ch\\\/?s={search_term_string}\"},\"query-input\":{\"@type\":\"PropertyValueSpecification\",\"valueRequired\":true,\"valueName\":\"search_term_string\"}}],\"inLanguage\":\"de\"},{\"@type\":\"Organization\",\"@id\":\"https:\\\/\\\/rothornsicht.ch\\\/#organization\",\"name\":\"Rothornsicht Ferienwohnung\",\"url\":\"https:\\\/\\\/rothornsicht.ch\\\/\",\"logo\":{\"@type\":\"ImageObject\",\"inLanguage\":\"de\",\"@id\":\"https:\\\/\\\/rothornsicht.ch\\\/#\\\/schema\\\/logo\\\/image\\\/\",\"url\":\"https:\\\/\\\/rothornsicht.ch\\\/wp-content\\\/uploads\\\/2025\\\/07\\\/cropped-Logo_Rothornsicht_ch_tr.png\",\"contentUrl\":\"https:\\\/\\\/rothornsicht.ch\\\/wp-content\\\/uploads\\\/2025\\\/07\\\/cropped-Logo_Rothornsicht_ch_tr.png\",\"width\":400,\"height\":319,\"caption\":\"Rothornsicht Ferienwohnung\"},\"image\":{\"@id\":\"https:\\\/\\\/rothornsicht.ch\\\/#\\\/schema\\\/logo\\\/image\\\/\"}}]}<\/script>\n<!-- \/ Yoast SEO plugin. -->","yoast_head_json":{"title":"Die Nutzung der Waschmaschine - Ferienwohnung in S\u00f6renberg","robots":{"index":"index","follow":"follow","max-snippet":"max-snippet:-1","max-image-preview":"max-image-preview:large","max-video-preview":"max-video-preview:-1"},"canonical":"https:\/\/rothornsicht.ch\/index.php\/waschmaschine\/","og_locale":"de_DE","og_type":"article","og_title":"Die Nutzung der Waschmaschine - Ferienwohnung in S\u00f6renberg","og_description":"Im Waschraum befindet sich eine Waschmaschine, die \u00fcber einen M\u00fcnzautomaten aktiviert wird. F\u00fcr eine reibungslose Nutzung bitten wir Sie, die folgenden Punkte zu beachten. Der M\u00fcnzautomat Der Automat akzeptiert nur 50-Rappen-M\u00fcnzen. F\u00fcr die Waschmaschine gilt eine Zeitdauer von 13 Minuten pro M\u00fcnze. Benutzung der Waschmaschine Um festzustellen, wie viele M\u00fcnzen [&hellip;]","og_url":"https:\/\/rothornsicht.ch\/index.php\/waschmaschine\/","og_site_name":"Ferienwohnung in S\u00f6renberg","article_modified_time":"2025-08-14T14:50:45+00:00","og_image":[{"width":773,"height":1024,"url":"https:\/\/rothornsicht.ch\/wp-content\/uploads\/2025\/08\/Munzautomat-Waschmaschine-773x1024.png","type":"image\/png"}],"twitter_card":"summary_large_image","twitter_misc":{"Gesch\u00e4tzte Lesezeit":"2\u00a0Minuten"},"schema":{"@context":"https:\/\/schema.org","@graph":[{"@type":"WebPage","@id":"https:\/\/rothornsicht.ch\/index.php\/waschmaschine\/","url":"https:\/\/rothornsicht.ch\/index.php\/waschmaschine\/","name":"Die Nutzung der Waschmaschine - Ferienwohnung in S\u00f6renberg","isPartOf":{"@id":"https:\/\/rothornsicht.ch\/#website"},"primaryImageOfPage":{"@id":"https:\/\/rothornsicht.ch\/index.php\/waschmaschine\/#primaryimage"},"image":{"@id":"https:\/\/rothornsicht.ch\/index.php\/waschmaschine\/#primaryimage"},"thumbnailUrl":"https:\/\/rothornsicht.ch\/wp-content\/uploads\/2025\/08\/Munzautomat-Waschmaschine-773x1024.png","datePublished":"2025-08-14T07:34:02+00:00","dateModified":"2025-08-14T14:50:45+00:00","breadcrumb":{"@id":"https:\/\/rothornsicht.ch\/index.php\/waschmaschine\/#breadcrumb"},"inLanguage":"de","potentialAction":[{"@type":"ReadAction","target":["https:\/\/rothornsicht.ch\/index.php\/waschmaschine\/"]}]},{"@type":"ImageObject","inLanguage":"de","@id":"https:\/\/rothornsicht.ch\/index.php\/waschmaschine\/#primaryimage","url":"https:\/\/rothornsicht.ch\/wp-content\/uploads\/2025\/08\/Munzautomat-Waschmaschine-scaled.png","contentUrl":"https:\/\/rothornsicht.ch\/wp-content\/uploads\/2025\/08\/Munzautomat-Waschmaschine-scaled.png","width":1933,"height":2560},{"@type":"BreadcrumbList","@id":"https:\/\/rothornsicht.ch\/index.php\/waschmaschine\/#breadcrumb","itemListElement":[{"@type":"ListItem","position":1,"name":"Startseite","item":"https:\/\/rothornsicht.ch\/"},{"@type":"ListItem","position":2,"name":"Die Nutzung der Waschmaschine"}]},{"@type":"WebSite","@id":"https:\/\/rothornsicht.ch\/#website","url":"https:\/\/rothornsicht.ch\/","name":"Rothornsicht - Sicht auf Entspannung","description":"Sommer- und Winterferien in S\u00f6renberg","publisher":{"@id":"https:\/\/rothornsicht.ch\/#organization"},"potentialAction":[{"@type":"SearchAction","target":{"@type":"EntryPoint","urlTemplate":"https:\/\/rothornsicht.ch\/?s={search_term_string}"},"query-input":{"@type":"PropertyValueSpecification","valueRequired":true,"valueName":"search_term_string"}}],"inLanguage":"de"},{"@type":"Organization","@id":"https:\/\/rothornsicht.ch\/#organization","name":"Rothornsicht Ferienwohnung","url":"https:\/\/rothornsicht.ch\/","logo":{"@type":"ImageObject","inLanguage":"de","@id":"https:\/\/rothornsicht.ch\/#\/schema\/logo\/image\/","url":"https:\/\/rothornsicht.ch\/wp-content\/uploads\/2025\/07\/cropped-Logo_Rothornsicht_ch_tr.png","contentUrl":"https:\/\/rothornsicht.ch\/wp-content\/uploads\/2025\/07\/cropped-Logo_Rothornsicht_ch_tr.png","width":400,"height":319,"caption":"Rothornsicht Ferienwohnung"},"image":{"@id":"https:\/\/rothornsicht.ch\/#\/schema\/logo\/image\/"}}]}},"jetpack_sharing_enabled":true,"_links":{"self":[{"href":"https:\/\/rothornsicht.ch\/index.php\/wp-json\/wp\/v2\/pages\/515","targetHints":{"allow":["GET"]}}],"collection":[{"href":"https:\/\/rothornsicht.ch\/index.php\/wp-json\/wp\/v2\/pages"}],"about":[{"href":"https:\/\/rothornsicht.ch\/index.php\/wp-json\/wp\/v2\/types\/page"}],"author":[{"embeddable":true,"href":"https:\/\/rothornsicht.ch\/index.php\/wp-json\/wp\/v2\/users\/1"}],"replies":[{"embeddable":true,"href":"https:\/\/rothornsicht.ch\/index.php\/wp-json\/wp\/v2\/comments?post=515"}],"version-history":[{"count":11,"href":"https:\/\/rothornsicht.ch\/index.php\/wp-json\/wp\/v2\/pages\/515\/revisions"}],"predecessor-version":[{"id":534,"href":"https:\/\/rothornsicht.ch\/index.php\/wp-json\/wp\/v2\/pages\/515\/revisions\/534"}],"wp:attachment":[{"href":"https:\/\/rothornsicht.ch\/index.php\/wp-json\/wp\/v2\/media?parent=515"}],"curies":[{"name":"wp","href":"https:\/\/api.w.org\/{rel}","templated":true}]}}