{"id":369,"date":"2025-08-07T06:42:06","date_gmt":"2025-08-07T06:42:06","guid":{"rendered":"https:\/\/rothornsicht.ch\/?page_id=369"},"modified":"2025-09-26T15:38:49","modified_gmt":"2025-09-26T15:38:49","slug":"ausflugziele-rundum-soerenberg-im-sommer","status":"publish","type":"page","link":"https:\/\/rothornsicht.ch\/index.php\/ausflugziele-rundum-soerenberg-im-sommer\/","title":{"rendered":"Ausflugziele rundum S\u00f6renberg im Sommer"},"content":{"rendered":"\n<h2 class=\"wp-block-heading\">Ein Besuch im Tourismusb\u00fcro lohnt sich<\/h2>\n\n\n\n<p>Wir empfehlen unseren G\u00e4sten, nach der Ankunft das <strong>Tourismusb\u00fcro S\u00f6renberg<\/strong> zu besuchen. Dort gibt&#8217;s alle Infos zur Umgebung und mit der <strong>S\u00f6renberg-Karte<\/strong> kannst du im Sommer einige Bergbahnen (darunter die Rothornseilbahn) kostenlos nutzen. Die Karte bietet auch viele Erm\u00e4ssigungen f\u00fcr Ausfl\u00fcge und Angebote von Unternehmen in der Umgebung.<\/p>\n\n\n\n<p>Das <a href=\"https:\/\/www.soerenberg.ch\/de\/infos-service\/vor-ort\/tourismusbuero\" target=\"_blank\" rel=\"noreferrer noopener\">Tourismusb\u00fcro <\/a>befindet sich in der <strong>Rothornstrasse 21<\/strong> und ist 20 Gehminuten von der Ferienwohnung Rothornsicht entfernt.<\/p>\n\n\n\n<hr class=\"wp-block-separator has-text-color has-accent-color has-alpha-channel-opacity has-accent-background-color has-background\" style=\"margin-top:var(--wp--preset--spacing--50);margin-bottom:var(--wp--preset--spacing--50)\"\/>\n\n\n\n<h2 class=\"wp-block-heading\">Brienzer Rothorn<\/h2>\n\n\n\n<div class=\"wp-block-group is-nowrap is-layout-flex wp-container-core-group-is-layout-6c531013 wp-block-group-is-layout-flex\">\n<p>Ein <strong>absolutes Highlight im Sommer<\/strong> ist ein Besuch auf dem Gipfel des <strong>Brienzer Rothorns<\/strong>. Von hier aus hast du einen tollen Blick auf den <strong>Brienzersee <\/strong>und kannst mit der Dampfbahn nach <strong>Brienz <\/strong>fahren. F\u00fcr ge\u00fcbte Bergwanderer ist es auch m\u00f6glich, diese Tour zu Fuss zu machen (passende Ausr\u00fcstung ist wichtig!).<\/p>\n\n\n\n<figure class=\"wp-block-image size-large\"><img loading=\"lazy\" decoding=\"async\" width=\"1024\" height=\"768\" src=\"https:\/\/rothornsicht.ch\/wp-content\/uploads\/2025\/08\/Aussicht-Rothorn-Brienz-1024x768.jpg\" alt=\"Aussicht ab Rothorn\" class=\"wp-image-388\" srcset=\"https:\/\/rothornsicht.ch\/wp-content\/uploads\/2025\/08\/Aussicht-Rothorn-Brienz-1024x768.jpg 1024w, https:\/\/rothornsicht.ch\/wp-content\/uploads\/2025\/08\/Aussicht-Rothorn-Brienz-300x225.jpg 300w, https:\/\/rothornsicht.ch\/wp-content\/uploads\/2025\/08\/Aussicht-Rothorn-Brienz-768x576.jpg 768w, https:\/\/rothornsicht.ch\/wp-content\/uploads\/2025\/08\/Aussicht-Rothorn-Brienz-1536x1152.jpg 1536w, https:\/\/rothornsicht.ch\/wp-content\/uploads\/2025\/08\/Aussicht-Rothorn-Brienz-2048x1536.jpg 2048w\" sizes=\"auto, (max-width: 1024px) 100vw, 1024px\" \/><figcaption class=\"wp-element-caption\">Rothornsicht<\/figcaption><\/figure>\n<\/div>\n\n\n\n<p>Auf dem <strong>Brienzer Rothorn<\/strong> kannst du auch <strong>den Eissee<\/strong> besuchen und auf der Sonnenterrasse einen Drink oder eine Mahlzeit geniessen!<\/p>\n\n\n\n<p>Die Talstation der Rothornbahn ist nur <strong>wenige Gehminuten<\/strong> vom Apartment Rothornsicht entfernt. Im Sommer fahren unsere G\u00e4ste <strong>kostenlos mit der Luftseilbahn aufs Brienzer Rothorn<\/strong>!<\/p>\n\n\n\n<p><strong>TIPP<\/strong>: Wenn du mit der <a href=\"https:\/\/brienz-rothorn-bahn.ch\/fahrplan-preise\/\" target=\"_blank\" rel=\"noreferrer noopener\">Dampfbahn nach Brienz<\/a> fahren willst, empfiehlt es sich, im Voraus zu <a href=\"https:\/\/brienz-rothorn-bahn.ch\/fahrplan-preise\/\" target=\"_blank\" rel=\"noreferrer noopener\">reservieren<\/a>. Die Pl\u00e4tze sind begrenzt und die Reservierung ist etwas g\u00fcnstiger als der Kauf von Fahrkarten vor Ort.<\/p>\n\n\n\n<hr class=\"wp-block-separator has-text-color has-accent-color has-alpha-channel-opacity has-accent-background-color has-background\" style=\"margin-top:var(--wp--preset--spacing--50);margin-bottom:var(--wp--preset--spacing--50)\"\/>\n\n\n\n<h2 class=\"wp-block-heading\">S\u00f6renberg Rossweid und Erlebnispark Mooraculum<\/h2>\n\n\n\n<p>Wanderfreunde und Familien mit Kindern aufgepasst! Ein Besuch mit der Gondelbahn auf der Rossweid ist ein echtes Muss. Direkt an der Bergstation liegt <strong>die Rossweid<\/strong>. Hier gibt&#8217;s ein Familienrestaurant <strong>mit einer tollen Sonnenterrasse und Blick auf die Berge<\/strong>. W\u00e4hrend die Kinder auf dem <strong>grossen Thema Spielplatz<\/strong> <strong>Mooraculum <\/strong>mit vielen Wasserspielen Spass haben, k\u00f6nnt ihr euch entspannen.<\/p>\n\n\n\n<p>Die Bergstation Rossweid ist auch ein super <strong>Ausgangspunkt f\u00fcr Wanderungen<\/strong> in den Bergen!<\/p>\n\n\n\n<div class=\"wp-block-group is-nowrap is-layout-flex wp-container-core-group-is-layout-6c531013 wp-block-group-is-layout-flex\">\n<figure class=\"wp-block-image size-thumbnail\"><img loading=\"lazy\" decoding=\"async\" width=\"150\" height=\"150\" src=\"https:\/\/rothornsicht.ch\/wp-content\/uploads\/2025\/07\/sorenberg-card-seeklogo-150x150.png\" alt=\"S\u00f6renberg Card\" class=\"wp-image-261\" srcset=\"https:\/\/rothornsicht.ch\/wp-content\/uploads\/2025\/07\/sorenberg-card-seeklogo-150x150.png 150w, https:\/\/rothornsicht.ch\/wp-content\/uploads\/2025\/07\/sorenberg-card-seeklogo-300x300.png 300w, https:\/\/rothornsicht.ch\/wp-content\/uploads\/2025\/07\/sorenberg-card-seeklogo-1024x1024.png 1024w, https:\/\/rothornsicht.ch\/wp-content\/uploads\/2025\/07\/sorenberg-card-seeklogo-768x768.png 768w, https:\/\/rothornsicht.ch\/wp-content\/uploads\/2025\/07\/sorenberg-card-seeklogo-1536x1536.png 1536w, https:\/\/rothornsicht.ch\/wp-content\/uploads\/2025\/07\/sorenberg-card-seeklogo-600x600.png 600w, https:\/\/rothornsicht.ch\/wp-content\/uploads\/2025\/07\/sorenberg-card-seeklogo-160x160.png 160w, https:\/\/rothornsicht.ch\/wp-content\/uploads\/2025\/07\/sorenberg-card-seeklogo.png 2000w\" sizes=\"auto, (max-width: 150px) 100vw, 150px\" \/><\/figure>\n\n\n\n<p>Im Sommer k\u00f6nnen unsere G\u00e4ste die Gondelbahn zur Rossweid so wie auch der Rothorn-Seilbahn <strong>mit der S\u00f6renbergkarte kostenlos<\/strong> nutzen.<\/p>\n<\/div>\n\n\n\n<section class=\"webcam-live\">\n  <h2>Live-Webcam Rossweid \u2013 S\u00f6renberg<\/h2>\n  <div style=\"max-width:800px; margin:auto;\">\n    <iframe loading=\"lazy\"\n      src=\"https:\/\/webtv.feratel.com\/webtv\/?design=v5&#038;cam=4095&#038;c1=0\"\n      width=\"100%\"\n      height=\"400\"\n      frameborder=\"0\"\n      allowfullscreen>\n    <\/iframe>\n  <\/div>\n  <p style=\"text-align:center; font-size:0.9em; color:#555;\">Live-Blick auf Rossweid, S\u00f6renberg<\/p>\n<\/section>\n\n\n\n<hr class=\"wp-block-separator has-text-color has-accent-color has-alpha-channel-opacity has-accent-background-color has-background\" style=\"margin-top:var(--wp--preset--spacing--50);margin-bottom:var(--wp--preset--spacing--50)\"\/>\n\n\n\n<h2 class=\"wp-block-heading\">S\u00f6renberg Rodelbahn<\/h2>\n\n\n\n<p>Mit dem Lift rauf und mit der Rodelbahn runter! Ein cooles Geschwindigkeitserlebnis. An Sommertagen ge\u00f6ffnet und ein absolutes Muss f\u00fcr <strong>Kindern bis 99 Jahre!<\/strong><\/p>\n\n\n\n<p><a href=\"https:\/\/www.soerenberg.ch\/de\/package\/sommerrodelbahn-rischli\" target=\"_blank\" rel=\"noreferrer noopener\">Hier<\/a> findest du mehr Infos zu \u00d6ffnungszeiten und Preisen.<\/p>\n\n\n\n<hr class=\"wp-block-separator has-text-color has-accent-color has-alpha-channel-opacity has-accent-background-color has-background\" style=\"margin-top:var(--wp--preset--spacing--50);margin-bottom:var(--wp--preset--spacing--50)\"\/>\n\n\n\n<h2 class=\"wp-block-heading\">Hallenbad S\u00f6renberg<\/h2>\n\n\n\n<p>Wenn das Wetter mal nicht so toll ist oder du einfach <strong>Lust auf Schwimmen<\/strong> hast, gibt&#8217;s ein Hallenbad in Laufn\u00e4he zum Apartment Rothornsicht.<\/p>\n\n\n\n<p>Infos und \u00d6ffnungszeiten findest du <a href=\"https:\/\/www.soerenberg.ch\/de\/poi\/hallenbad-soerenberg\">hier<\/a>.<\/p>\n\n\n\n<hr class=\"wp-block-separator has-text-color has-accent-color has-alpha-channel-opacity has-accent-background-color has-background\" style=\"margin-top:var(--wp--preset--spacing--50);margin-bottom:var(--wp--preset--spacing--50)\"\/>\n\n\n\n<h2 class=\"wp-block-heading\">\u00dcbersicht aller Aktivit\u00e4ten rund um S\u00f6renberg<\/h2>\n\n\n\n<p>Wir hoffen, dass wir euch mit dieser <strong>Auswahl der Highlights<\/strong> rund um S\u00f6renberg begeistern konnten. Nat\u00fcrlich gibt es noch <strong>viel mehr<\/strong> zu erleben. Eine <strong>ausf\u00fchrliche \u00dcbersicht \u00fcber Aktivit\u00e4ten und Veranstaltungen<\/strong> findet ihr <a href=\"https:\/\/www.soerenberg.ch\/de\/\" target=\"_blank\" rel=\"noreferrer noopener\">hier<\/a>.<\/p>\n\n\n\n<hr class=\"wp-block-separator has-text-color has-accent-color has-alpha-channel-opacity has-accent-background-color has-background\" style=\"margin-top:var(--wp--preset--spacing--50);margin-bottom:var(--wp--preset--spacing--50)\"\/>\n","protected":false},"excerpt":{"rendered":"<p>Ein Besuch im Tourismusb\u00fcro lohnt sich Wir empfehlen unseren G\u00e4sten, nach der Ankunft das Tourismusb\u00fcro S\u00f6renberg zu besuchen. Dort gibt&#8217;s alle Infos zur Umgebung und mit der S\u00f6renberg-Karte kannst du im Sommer einige Bergbahnen (darunter die Rothornseilbahn) kostenlos nutzen. Die Karte bietet auch viele Erm\u00e4ssigungen f\u00fcr Ausfl\u00fcge und Angebote von [&hellip;]<\/p>\n","protected":false},"author":1,"featured_media":0,"parent":0,"menu_order":0,"comment_status":"closed","ping_status":"closed","template":"","meta":{"footnotes":""},"class_list":["post-369","page","type-page","status-publish","hentry"],"yoast_head":"<!-- This site is optimized with the Yoast SEO plugin v27.4 - https:\/\/yoast.com\/product\/yoast-seo-wordpress\/ -->\n<title>Ausflugziele rundum S\u00f6renberg im Sommer - Ferienwohnung in S\u00f6renberg<\/title>\n<meta name=\"description\" content=\"Entdecken Sie die sch\u00f6nsten Ausflugsziele rund um S\u00f6renberg im Sommer \u2013 Natur, Erholung und unvergessliche Erlebnisse in den Bergen.\" \/>\n<meta name=\"robots\" content=\"index, follow, max-snippet:-1, max-image-preview:large, max-video-preview:-1\" \/>\n<link rel=\"canonical\" href=\"https:\/\/rothornsicht.ch\/index.php\/ausflugziele-rundum-soerenberg-im-sommer\/\" \/>\n<meta property=\"og:locale\" content=\"de_DE\" \/>\n<meta property=\"og:type\" content=\"article\" \/>\n<meta property=\"og:title\" content=\"Ausflugziele rundum S\u00f6renberg im Sommer - Ferienwohnung in S\u00f6renberg\" \/>\n<meta property=\"og:description\" content=\"Entdecken Sie die sch\u00f6nsten Ausflugsziele rund um S\u00f6renberg im Sommer \u2013 Natur, Erholung und unvergessliche Erlebnisse in den Bergen.\" \/>\n<meta property=\"og:url\" content=\"https:\/\/rothornsicht.ch\/index.php\/ausflugziele-rundum-soerenberg-im-sommer\/\" \/>\n<meta property=\"og:site_name\" content=\"Ferienwohnung in S\u00f6renberg\" \/>\n<meta property=\"article:modified_time\" content=\"2025-09-26T15:38:49+00:00\" \/>\n<meta property=\"og:image\" content=\"https:\/\/rothornsicht.ch\/wp-content\/uploads\/2025\/08\/Aussicht-Rothorn-Brienz-scaled.jpg\" \/>\n\t<meta property=\"og:image:width\" content=\"2560\" \/>\n\t<meta property=\"og:image:height\" content=\"1920\" \/>\n\t<meta property=\"og:image:type\" content=\"image\/jpeg\" \/>\n<meta name=\"twitter:card\" content=\"summary_large_image\" \/>\n<meta name=\"twitter:label1\" content=\"Gesch\u00e4tzte Lesezeit\" \/>\n\t<meta name=\"twitter:data1\" content=\"3\u00a0Minuten\" \/>\n<script type=\"application\/ld+json\" class=\"yoast-schema-graph\">{\"@context\":\"https:\\\/\\\/schema.org\",\"@graph\":[{\"@type\":\"WebPage\",\"@id\":\"https:\\\/\\\/rothornsicht.ch\\\/index.php\\\/ausflugziele-rundum-soerenberg-im-sommer\\\/\",\"url\":\"https:\\\/\\\/rothornsicht.ch\\\/index.php\\\/ausflugziele-rundum-soerenberg-im-sommer\\\/\",\"name\":\"Ausflugziele rundum S\u00f6renberg im Sommer - Ferienwohnung in S\u00f6renberg\",\"isPartOf\":{\"@id\":\"https:\\\/\\\/rothornsicht.ch\\\/#website\"},\"primaryImageOfPage\":{\"@id\":\"https:\\\/\\\/rothornsicht.ch\\\/index.php\\\/ausflugziele-rundum-soerenberg-im-sommer\\\/#primaryimage\"},\"image\":{\"@id\":\"https:\\\/\\\/rothornsicht.ch\\\/index.php\\\/ausflugziele-rundum-soerenberg-im-sommer\\\/#primaryimage\"},\"thumbnailUrl\":\"https:\\\/\\\/rothornsicht.ch\\\/wp-content\\\/uploads\\\/2025\\\/08\\\/Aussicht-Rothorn-Brienz-1024x768.jpg\",\"datePublished\":\"2025-08-07T06:42:06+00:00\",\"dateModified\":\"2025-09-26T15:38:49+00:00\",\"description\":\"Entdecken Sie die sch\u00f6nsten Ausflugsziele rund um S\u00f6renberg im Sommer \u2013 Natur, Erholung und unvergessliche Erlebnisse in den Bergen.\",\"breadcrumb\":{\"@id\":\"https:\\\/\\\/rothornsicht.ch\\\/index.php\\\/ausflugziele-rundum-soerenberg-im-sommer\\\/#breadcrumb\"},\"inLanguage\":\"de\",\"potentialAction\":[{\"@type\":\"ReadAction\",\"target\":[\"https:\\\/\\\/rothornsicht.ch\\\/index.php\\\/ausflugziele-rundum-soerenberg-im-sommer\\\/\"]}]},{\"@type\":\"ImageObject\",\"inLanguage\":\"de\",\"@id\":\"https:\\\/\\\/rothornsicht.ch\\\/index.php\\\/ausflugziele-rundum-soerenberg-im-sommer\\\/#primaryimage\",\"url\":\"https:\\\/\\\/rothornsicht.ch\\\/wp-content\\\/uploads\\\/2025\\\/08\\\/Aussicht-Rothorn-Brienz-scaled.jpg\",\"contentUrl\":\"https:\\\/\\\/rothornsicht.ch\\\/wp-content\\\/uploads\\\/2025\\\/08\\\/Aussicht-Rothorn-Brienz-scaled.jpg\",\"width\":2560,\"height\":1920,\"caption\":\"Rothornsicht\"},{\"@type\":\"BreadcrumbList\",\"@id\":\"https:\\\/\\\/rothornsicht.ch\\\/index.php\\\/ausflugziele-rundum-soerenberg-im-sommer\\\/#breadcrumb\",\"itemListElement\":[{\"@type\":\"ListItem\",\"position\":1,\"name\":\"Startseite\",\"item\":\"https:\\\/\\\/rothornsicht.ch\\\/\"},{\"@type\":\"ListItem\",\"position\":2,\"name\":\"Ausflugziele rundum S\u00f6renberg im Sommer\"}]},{\"@type\":\"WebSite\",\"@id\":\"https:\\\/\\\/rothornsicht.ch\\\/#website\",\"url\":\"https:\\\/\\\/rothornsicht.ch\\\/\",\"name\":\"Rothornsicht - Sicht auf Entspannung\",\"description\":\"Sommer- und Winterferien in S\u00f6renberg\",\"publisher\":{\"@id\":\"https:\\\/\\\/rothornsicht.ch\\\/#organization\"},\"potentialAction\":[{\"@type\":\"SearchAction\",\"target\":{\"@type\":\"EntryPoint\",\"urlTemplate\":\"https:\\\/\\\/rothornsicht.ch\\\/?s={search_term_string}\"},\"query-input\":{\"@type\":\"PropertyValueSpecification\",\"valueRequired\":true,\"valueName\":\"search_term_string\"}}],\"inLanguage\":\"de\"},{\"@type\":\"Organization\",\"@id\":\"https:\\\/\\\/rothornsicht.ch\\\/#organization\",\"name\":\"Rothornsicht Ferienwohnung\",\"url\":\"https:\\\/\\\/rothornsicht.ch\\\/\",\"logo\":{\"@type\":\"ImageObject\",\"inLanguage\":\"de\",\"@id\":\"https:\\\/\\\/rothornsicht.ch\\\/#\\\/schema\\\/logo\\\/image\\\/\",\"url\":\"https:\\\/\\\/rothornsicht.ch\\\/wp-content\\\/uploads\\\/2025\\\/07\\\/cropped-Logo_Rothornsicht_ch_tr.png\",\"contentUrl\":\"https:\\\/\\\/rothornsicht.ch\\\/wp-content\\\/uploads\\\/2025\\\/07\\\/cropped-Logo_Rothornsicht_ch_tr.png\",\"width\":400,\"height\":319,\"caption\":\"Rothornsicht Ferienwohnung\"},\"image\":{\"@id\":\"https:\\\/\\\/rothornsicht.ch\\\/#\\\/schema\\\/logo\\\/image\\\/\"}}]}<\/script>\n<!-- \/ Yoast SEO plugin. -->","yoast_head_json":{"title":"Ausflugziele rundum S\u00f6renberg im Sommer - Ferienwohnung in S\u00f6renberg","description":"Entdecken Sie die sch\u00f6nsten Ausflugsziele rund um S\u00f6renberg im Sommer \u2013 Natur, Erholung und unvergessliche Erlebnisse in den Bergen.","robots":{"index":"index","follow":"follow","max-snippet":"max-snippet:-1","max-image-preview":"max-image-preview:large","max-video-preview":"max-video-preview:-1"},"canonical":"https:\/\/rothornsicht.ch\/index.php\/ausflugziele-rundum-soerenberg-im-sommer\/","og_locale":"de_DE","og_type":"article","og_title":"Ausflugziele rundum S\u00f6renberg im Sommer - Ferienwohnung in S\u00f6renberg","og_description":"Entdecken Sie die sch\u00f6nsten Ausflugsziele rund um S\u00f6renberg im Sommer \u2013 Natur, Erholung und unvergessliche Erlebnisse in den Bergen.","og_url":"https:\/\/rothornsicht.ch\/index.php\/ausflugziele-rundum-soerenberg-im-sommer\/","og_site_name":"Ferienwohnung in S\u00f6renberg","article_modified_time":"2025-09-26T15:38:49+00:00","og_image":[{"width":2560,"height":1920,"url":"https:\/\/rothornsicht.ch\/wp-content\/uploads\/2025\/08\/Aussicht-Rothorn-Brienz-scaled.jpg","type":"image\/jpeg"}],"twitter_card":"summary_large_image","twitter_misc":{"Gesch\u00e4tzte Lesezeit":"3\u00a0Minuten"},"schema":{"@context":"https:\/\/schema.org","@graph":[{"@type":"WebPage","@id":"https:\/\/rothornsicht.ch\/index.php\/ausflugziele-rundum-soerenberg-im-sommer\/","url":"https:\/\/rothornsicht.ch\/index.php\/ausflugziele-rundum-soerenberg-im-sommer\/","name":"Ausflugziele rundum S\u00f6renberg im Sommer - Ferienwohnung in S\u00f6renberg","isPartOf":{"@id":"https:\/\/rothornsicht.ch\/#website"},"primaryImageOfPage":{"@id":"https:\/\/rothornsicht.ch\/index.php\/ausflugziele-rundum-soerenberg-im-sommer\/#primaryimage"},"image":{"@id":"https:\/\/rothornsicht.ch\/index.php\/ausflugziele-rundum-soerenberg-im-sommer\/#primaryimage"},"thumbnailUrl":"https:\/\/rothornsicht.ch\/wp-content\/uploads\/2025\/08\/Aussicht-Rothorn-Brienz-1024x768.jpg","datePublished":"2025-08-07T06:42:06+00:00","dateModified":"2025-09-26T15:38:49+00:00","description":"Entdecken Sie die sch\u00f6nsten Ausflugsziele rund um S\u00f6renberg im Sommer \u2013 Natur, Erholung und unvergessliche Erlebnisse in den Bergen.","breadcrumb":{"@id":"https:\/\/rothornsicht.ch\/index.php\/ausflugziele-rundum-soerenberg-im-sommer\/#breadcrumb"},"inLanguage":"de","potentialAction":[{"@type":"ReadAction","target":["https:\/\/rothornsicht.ch\/index.php\/ausflugziele-rundum-soerenberg-im-sommer\/"]}]},{"@type":"ImageObject","inLanguage":"de","@id":"https:\/\/rothornsicht.ch\/index.php\/ausflugziele-rundum-soerenberg-im-sommer\/#primaryimage","url":"https:\/\/rothornsicht.ch\/wp-content\/uploads\/2025\/08\/Aussicht-Rothorn-Brienz-scaled.jpg","contentUrl":"https:\/\/rothornsicht.ch\/wp-content\/uploads\/2025\/08\/Aussicht-Rothorn-Brienz-scaled.jpg","width":2560,"height":1920,"caption":"Rothornsicht"},{"@type":"BreadcrumbList","@id":"https:\/\/rothornsicht.ch\/index.php\/ausflugziele-rundum-soerenberg-im-sommer\/#breadcrumb","itemListElement":[{"@type":"ListItem","position":1,"name":"Startseite","item":"https:\/\/rothornsicht.ch\/"},{"@type":"ListItem","position":2,"name":"Ausflugziele rundum S\u00f6renberg im Sommer"}]},{"@type":"WebSite","@id":"https:\/\/rothornsicht.ch\/#website","url":"https:\/\/rothornsicht.ch\/","name":"Rothornsicht - Sicht auf Entspannung","description":"Sommer- und Winterferien in S\u00f6renberg","publisher":{"@id":"https:\/\/rothornsicht.ch\/#organization"},"potentialAction":[{"@type":"SearchAction","target":{"@type":"EntryPoint","urlTemplate":"https:\/\/rothornsicht.ch\/?s={search_term_string}"},"query-input":{"@type":"PropertyValueSpecification","valueRequired":true,"valueName":"search_term_string"}}],"inLanguage":"de"},{"@type":"Organization","@id":"https:\/\/rothornsicht.ch\/#organization","name":"Rothornsicht Ferienwohnung","url":"https:\/\/rothornsicht.ch\/","logo":{"@type":"ImageObject","inLanguage":"de","@id":"https:\/\/rothornsicht.ch\/#\/schema\/logo\/image\/","url":"https:\/\/rothornsicht.ch\/wp-content\/uploads\/2025\/07\/cropped-Logo_Rothornsicht_ch_tr.png","contentUrl":"https:\/\/rothornsicht.ch\/wp-content\/uploads\/2025\/07\/cropped-Logo_Rothornsicht_ch_tr.png","width":400,"height":319,"caption":"Rothornsicht Ferienwohnung"},"image":{"@id":"https:\/\/rothornsicht.ch\/#\/schema\/logo\/image\/"}}]}},"jetpack_sharing_enabled":true,"_links":{"self":[{"href":"https:\/\/rothornsicht.ch\/index.php\/wp-json\/wp\/v2\/pages\/369","targetHints":{"allow":["GET"]}}],"collection":[{"href":"https:\/\/rothornsicht.ch\/index.php\/wp-json\/wp\/v2\/pages"}],"about":[{"href":"https:\/\/rothornsicht.ch\/index.php\/wp-json\/wp\/v2\/types\/page"}],"author":[{"embeddable":true,"href":"https:\/\/rothornsicht.ch\/index.php\/wp-json\/wp\/v2\/users\/1"}],"replies":[{"embeddable":true,"href":"https:\/\/rothornsicht.ch\/index.php\/wp-json\/wp\/v2\/comments?post=369"}],"version-history":[{"count":18,"href":"https:\/\/rothornsicht.ch\/index.php\/wp-json\/wp\/v2\/pages\/369\/revisions"}],"predecessor-version":[{"id":603,"href":"https:\/\/rothornsicht.ch\/index.php\/wp-json\/wp\/v2\/pages\/369\/revisions\/603"}],"wp:attachment":[{"href":"https:\/\/rothornsicht.ch\/index.php\/wp-json\/wp\/v2\/media?parent=369"}],"curies":[{"name":"wp","href":"https:\/\/api.w.org\/{rel}","templated":true}]}}