{"id":29,"date":"2025-06-26T05:30:28","date_gmt":"2025-06-26T05:30:28","guid":{"rendered":"https:\/\/rothornsicht.ch\/?page_id=29"},"modified":"2026-01-07T08:57:07","modified_gmt":"2026-01-07T08:57:07","slug":"ferienwohnung-in-soerenberg","status":"publish","type":"page","link":"https:\/\/rothornsicht.ch\/","title":{"rendered":"Home"},"content":{"rendered":"\n<div class=\"wp-block-cover alignfull is-light hestia-clear-top-padding\"><span aria-hidden=\"true\" class=\"wp-block-cover__background has-white-background-color has-background-dim-100 has-background-dim\"><\/span><div class=\"wp-block-cover__inner-container is-layout-flow wp-block-cover-is-layout-flow\">\n<div style=\"height:50px\" aria-hidden=\"true\" class=\"wp-block-spacer\"><\/div>\n\n\n\n<h2 class=\"wp-block-heading has-text-align-center has-text-color\" style=\"color:#3c4858\">Komfortable Ferienwohnung in S\u00f6renberg<\/h2>\n\n\n\n<div style=\"height:40px\" aria-hidden=\"true\" class=\"wp-block-spacer\"><\/div>\n\n\n\n<div class=\"wp-block-columns container is-layout-flex wp-container-core-columns-is-layout-28f84493 wp-block-columns-is-layout-flex\">\n<div class=\"wp-block-column is-layout-flow wp-block-column-is-layout-flow\">\n<figure class=\"wp-block-gallery aligncenter has-nested-images columns-default is-cropped wp-block-gallery-1 is-layout-flex wp-block-gallery-is-layout-flex\">\n<figure class=\"wp-block-image size-large\"><img loading=\"lazy\" decoding=\"async\" width=\"1024\" height=\"768\" data-id=\"204\" src=\"https:\/\/rothornsicht.ch\/wp-content\/uploads\/2025\/07\/Wohnzimmer-1024x768.jpg\" alt=\"Wohnzimmer mit Blick auf den Rothorn\" class=\"wp-image-204\" srcset=\"https:\/\/rothornsicht.ch\/wp-content\/uploads\/2025\/07\/Wohnzimmer-1024x768.jpg 1024w, https:\/\/rothornsicht.ch\/wp-content\/uploads\/2025\/07\/Wohnzimmer-300x225.jpg 300w, https:\/\/rothornsicht.ch\/wp-content\/uploads\/2025\/07\/Wohnzimmer-768x576.jpg 768w, https:\/\/rothornsicht.ch\/wp-content\/uploads\/2025\/07\/Wohnzimmer-1536x1152.jpg 1536w, https:\/\/rothornsicht.ch\/wp-content\/uploads\/2025\/07\/Wohnzimmer-2048x1536.jpg 2048w, https:\/\/rothornsicht.ch\/wp-content\/uploads\/2025\/07\/Wohnzimmer-600x450.jpg 600w\" sizes=\"auto, (max-width: 1024px) 100vw, 1024px\" \/><\/figure>\n<\/figure>\n\n\n\n<h5 class=\"wp-block-heading has-text-align-center has-text-color\" style=\"color:#3c4858;font-size:20px\">Gem\u00fctliche Ferienwohnung &#8222;Rothornsicht&#8220; in S\u00f6renberg<\/h5>\n\n\n\n<p class=\"has-text-align-left has-black-color has-text-color\" style=\"font-size:16px\">Wir bieten <strong>eine stilvolle Ferienwohnung<\/strong> in S\u00f6renberg an. Bei der Einrichtung haben wir uns ganz auf das Urlaubsgef\u00fchl konzentriert. Die Wohnung ist <strong>stilvoll und praktisch eingerichtet<\/strong> und bietet Platz f\u00fcr bis zu 4 Personen. Die Unterkunft verf\u00fcgt \u00fcber <strong>ein ger\u00e4umiges Schlafzimmer, ein Wohnzimmer und eine Galerie mit einem Doppelbett<\/strong>. Auf dem \u00fcberdachten Balkon k\u00f6nnen Sie sich an einer herrlichen Aussicht erfreuen.<\/p>\n\n\n\n<p class=\"has-text-align-left has-black-color has-text-color\" style=\"font-size:16px\">Die Unterkunft verf\u00fcgt \u00fcber <strong>Fussbodenheizung <\/strong>und ist komplett ausgestattet.<\/p>\n\n\n\n<p style=\"font-size:16px\">Geniesst im Sommer die <strong>S\u00f6renberg-Card<\/strong> und fahrt kostenlos auf den Brienzer Rothorn!<\/p>\n\n\n\n<p style=\"font-size:16px\">Im Winter verwandelt sich S\u00f6renberg in das <strong>Familienskigebiet<\/strong> der Schweiz!<\/p>\n\n\n\n<p style=\"font-size:16px\">Sowohl im Sommer als auch im Winter bieten wir euch <strong>eine gem\u00fctliche Unterkunft <\/strong>in Gehweite zur Brienzer Rothornbahn und zum Skigebiet.<\/p>\n\n\n\n<div class=\"wp-block-buttons is-layout-flex wp-container-core-buttons-is-layout-168ce233 wp-block-buttons-is-layout-flex\">\n<div class=\"wp-block-button is-style-fill\"><a class=\"wp-block-button__link has-accent-background-color has-background wp-element-button\" href=\"\/index.php\/appartement-rothornsicht-buchen\/#anfrage\">Verf\u00fcgbarkeit pr\u00fcfen<\/a><\/div>\n<\/div>\n<\/div>\n\n\n\n<div class=\"wp-block-column is-layout-flow wp-block-column-is-layout-flow\">\n<figure class=\"wp-block-image size-large\"><img loading=\"lazy\" decoding=\"async\" width=\"1024\" height=\"768\" src=\"https:\/\/rothornsicht.ch\/wp-content\/uploads\/2025\/08\/Aussicht_Balcon_Rothornsicht-1024x768.jpg\" alt=\"Aussicht ab balcon Rothornsicht\" class=\"wp-image-433\" srcset=\"https:\/\/rothornsicht.ch\/wp-content\/uploads\/2025\/08\/Aussicht_Balcon_Rothornsicht-1024x768.jpg 1024w, https:\/\/rothornsicht.ch\/wp-content\/uploads\/2025\/08\/Aussicht_Balcon_Rothornsicht-300x225.jpg 300w, https:\/\/rothornsicht.ch\/wp-content\/uploads\/2025\/08\/Aussicht_Balcon_Rothornsicht-768x576.jpg 768w, https:\/\/rothornsicht.ch\/wp-content\/uploads\/2025\/08\/Aussicht_Balcon_Rothornsicht-1536x1152.jpg 1536w, https:\/\/rothornsicht.ch\/wp-content\/uploads\/2025\/08\/Aussicht_Balcon_Rothornsicht-2048x1536.jpg 2048w\" sizes=\"auto, (max-width: 1024px) 100vw, 1024px\" \/><\/figure>\n\n\n\n<h5 class=\"wp-block-heading has-text-align-center has-text-color\" style=\"color:#3c4858;font-size:20px\">S\u00f6renberg: die Umgebung<\/h5>\n\n\n\n<p class=\"has-text-align-left has-black-color has-text-color\" style=\"font-size:16px\"><a href=\"https:\/\/rothornsicht.ch\/index.php\/ausflugziele-rundum-soerenberg-im-sommer\/\"><strong>Sommer-Highlights<\/strong><\/a>. <strong>Brienzer Rothorn<\/strong>: H\u00f6chster Luzerner Berg mit atemberaubender Aussicht, erreichbar mit der Luftseilbahn oder Zahnradbahn ab Brienz. Im Sommer mit der S\u00f6renberg Card <strong>kostenlos auf den Brienzer Rothorn!<\/strong><br><strong>Eissee<\/strong>: Idyllischer Bergsee unterhalb des Rothorns, beliebtes Wanderziel. <br><strong>Mooraculum<\/strong>: Der gr\u00f6sste Moor-Erlebnispark der Alpen \u2013 interaktiv, kinderfreundlich und lehrreich. <br><strong>Rossweid<\/strong> \u2013 Erlebniswelt f\u00fcr Kinder: Spielplatz, Wasserspiele, Grillstellen, ideal f\u00fcr Familien. Panorama-<strong>Wanderwege<\/strong>: z.\u202fB. von Rossweid zum Salwideli, mit Blick auf Schrattenfluh und Hohgant. Bike Trails &amp; E-<strong>Bike-Routen<\/strong>: Abwechslungsreiche Strecken f\u00fcr jedes Niveau.<\/p>\n\n\n\n<p class=\"has-text-align-left has-black-color has-text-color\" style=\"font-size:16px\"><strong><a href=\"https:\/\/rothornsicht.ch\/index.php\/soerenberg-im-winter\/\">Winter-Highlights<\/a><\/strong>. Familienskigebiet S\u00f6renberg: \u00dcbersichtlich, mit vielen blauen und roten Pisten. <br>Skischulen &amp; Kinderl\u00e4nder: professionelle Betreuung f\u00fcr kleine Skifahrer. <br>Schlittelwege: Rodelspass auf verschiedenen Routen (z.\u202fB. Rossweid\u2013S\u00f6renberg). <br>Langlaufzentrum Salwideli: Traumhafte Loipen durch verschneite Moorlandschaften. <br>Winterwanderwege &amp; Schneeschuhtrails: Ruhige Pfade in unber\u00fchrter Natur.<\/p>\n<\/div>\n<\/div>\n\n\n\n<div style=\"height:40px\" aria-hidden=\"true\" class=\"wp-block-spacer\"><\/div>\n<\/div><\/div>\n\n\n\n<div class=\"wp-block-columns container is-layout-flex wp-container-core-columns-is-layout-28f84493 wp-block-columns-is-layout-flex\">\n<div class=\"wp-block-column col-md-5 is-layout-flow wp-block-column-is-layout-flow\">\n<div style=\"height:55px\" aria-hidden=\"true\" class=\"wp-block-spacer\"><\/div>\n\n\n\n<h2 class=\"wp-block-heading\">Eine Ferienwohnung in S\u00f6renberg mit Blick auf das Rothorn<\/h2>\n\n\n\n<p>Haben wir Ihr Interesse geweckt? Wir freuen uns auf Ihren Besuch in S\u00f6renberg!<\/p>\n\n\n\n<div class=\"wp-block-buttons is-layout-flex wp-block-buttons-is-layout-flex\">\n<div class=\"wp-block-button\"><a class=\"wp-block-button__link has-accent-background-color has-background wp-element-button\" href=\"https:\/\/rothornsicht.ch\/index.php\/appartement-rothornsicht-buchen\/#anfrage\">Buchungsanfrage<\/a><\/div>\n<\/div>\n<\/div>\n\n\n\n<div class=\"wp-block-column col-md-6 col-md-offset1 is-layout-flow wp-block-column-is-layout-flow\">\n<div style=\"height:55px\" aria-hidden=\"true\" class=\"wp-block-spacer\"><\/div>\n\n\n\n<figure class=\"wp-block-image size-full\"><img loading=\"lazy\" decoding=\"async\" width=\"612\" height=\"408\" src=\"https:\/\/rothornsicht.ch\/wp-content\/uploads\/2025\/09\/jpeg-removebg-preview.png\" alt=\"\" class=\"wp-image-582\" srcset=\"https:\/\/rothornsicht.ch\/wp-content\/uploads\/2025\/09\/jpeg-removebg-preview.png 612w, https:\/\/rothornsicht.ch\/wp-content\/uploads\/2025\/09\/jpeg-removebg-preview-300x200.png 300w, https:\/\/rothornsicht.ch\/wp-content\/uploads\/2025\/09\/jpeg-removebg-preview-360x240.png 360w\" sizes=\"auto, (max-width: 612px) 100vw, 612px\" \/><\/figure>\n\n\n\n<p><\/p>\n<\/div>\n<\/div>\n","protected":false},"excerpt":{"rendered":"<p>Eine Ferienwohnung in S\u00f6renberg mit Blick auf das Rothorn Haben wir Ihr Interesse geweckt? Wir freuen uns auf Ihren Besuch in S\u00f6renberg!<\/p>\n","protected":false},"author":1,"featured_media":662,"parent":0,"menu_order":0,"comment_status":"closed","ping_status":"closed","template":"","meta":{"footnotes":""},"class_list":["post-29","page","type-page","status-publish","has-post-thumbnail","hentry"],"yoast_head":"<!-- This site is optimized with the Yoast SEO plugin v27.4 - https:\/\/yoast.com\/product\/yoast-seo-wordpress\/ -->\n<title>- Ferienwohnung in S\u00f6renberg<\/title>\n<meta name=\"description\" content=\"Erleben Sie unvergessliche Ferien in den Schweizer Alpen! Rothornsicht bietet eine gem\u00fctliche Unterkunft mit atemberaubender Aussicht aufs Rothorn. Wandern, Skifahren und Entspannen - jetzt buchen und die Bergwelt geniesen!\" \/>\n<meta name=\"robots\" content=\"index, follow, max-snippet:-1, max-image-preview:large, max-video-preview:-1\" \/>\n<link rel=\"canonical\" href=\"https:\/\/rothornsicht.ch\/\" \/>\n<meta property=\"og:locale\" content=\"de_DE\" \/>\n<meta property=\"og:type\" content=\"article\" \/>\n<meta property=\"og:title\" content=\"- Ferienwohnung in S\u00f6renberg\" \/>\n<meta property=\"og:description\" content=\"Erleben Sie unvergessliche Ferien in den Schweizer Alpen! Rothornsicht bietet eine gem\u00fctliche Unterkunft mit atemberaubender Aussicht aufs Rothorn. Wandern, Skifahren und Entspannen - jetzt buchen und die Bergwelt geniesen!\" \/>\n<meta property=\"og:url\" content=\"https:\/\/rothornsicht.ch\/\" \/>\n<meta property=\"og:site_name\" content=\"Ferienwohnung in S\u00f6renberg\" \/>\n<meta property=\"article:modified_time\" content=\"2026-01-07T08:57:07+00:00\" \/>\n<meta property=\"og:image\" content=\"https:\/\/rothornsicht.ch\/wp-content\/uploads\/2026\/01\/Aussicht-Bergstation-Steinetli-scaled.jpeg\" \/>\n\t<meta property=\"og:image:width\" content=\"2560\" \/>\n\t<meta property=\"og:image:height\" content=\"1920\" \/>\n\t<meta property=\"og:image:type\" content=\"image\/jpeg\" \/>\n<meta name=\"twitter:card\" content=\"summary_large_image\" \/>\n<meta name=\"twitter:label1\" content=\"Gesch\u00e4tzte Lesezeit\" \/>\n\t<meta name=\"twitter:data1\" content=\"3\u00a0Minuten\" \/>\n<script type=\"application\/ld+json\" class=\"yoast-schema-graph\">{\"@context\":\"https:\\\/\\\/schema.org\",\"@graph\":[{\"@type\":\"WebPage\",\"@id\":\"https:\\\/\\\/rothornsicht.ch\\\/\",\"url\":\"https:\\\/\\\/rothornsicht.ch\\\/\",\"name\":\"- Ferienwohnung in S\u00f6renberg\",\"isPartOf\":{\"@id\":\"https:\\\/\\\/rothornsicht.ch\\\/#website\"},\"primaryImageOfPage\":{\"@id\":\"https:\\\/\\\/rothornsicht.ch\\\/#primaryimage\"},\"image\":{\"@id\":\"https:\\\/\\\/rothornsicht.ch\\\/#primaryimage\"},\"thumbnailUrl\":\"https:\\\/\\\/rothornsicht.ch\\\/wp-content\\\/uploads\\\/2026\\\/01\\\/Aussicht-Bergstation-Steinetli-scaled.jpeg\",\"datePublished\":\"2025-06-26T05:30:28+00:00\",\"dateModified\":\"2026-01-07T08:57:07+00:00\",\"description\":\"Erleben Sie unvergessliche Ferien in den Schweizer Alpen! Rothornsicht bietet eine gem\u00fctliche Unterkunft mit atemberaubender Aussicht aufs Rothorn. Wandern, Skifahren und Entspannen - jetzt buchen und die Bergwelt geniesen!\",\"breadcrumb\":{\"@id\":\"https:\\\/\\\/rothornsicht.ch\\\/#breadcrumb\"},\"inLanguage\":\"de\",\"potentialAction\":[{\"@type\":\"ReadAction\",\"target\":[\"https:\\\/\\\/rothornsicht.ch\\\/\"]}]},{\"@type\":\"ImageObject\",\"inLanguage\":\"de\",\"@id\":\"https:\\\/\\\/rothornsicht.ch\\\/#primaryimage\",\"url\":\"https:\\\/\\\/rothornsicht.ch\\\/wp-content\\\/uploads\\\/2026\\\/01\\\/Aussicht-Bergstation-Steinetli-scaled.jpeg\",\"contentUrl\":\"https:\\\/\\\/rothornsicht.ch\\\/wp-content\\\/uploads\\\/2026\\\/01\\\/Aussicht-Bergstation-Steinetli-scaled.jpeg\",\"width\":2560,\"height\":1920,\"caption\":\"Aussicht Bergstation Steinetli\"},{\"@type\":\"BreadcrumbList\",\"@id\":\"https:\\\/\\\/rothornsicht.ch\\\/#breadcrumb\",\"itemListElement\":[{\"@type\":\"ListItem\",\"position\":1,\"name\":\"Startseite\",\"item\":\"https:\\\/\\\/rothornsicht.ch\\\/\"},{\"@type\":\"ListItem\",\"position\":2,\"name\":\"Home\"}]},{\"@type\":\"WebSite\",\"@id\":\"https:\\\/\\\/rothornsicht.ch\\\/#website\",\"url\":\"https:\\\/\\\/rothornsicht.ch\\\/\",\"name\":\"Rothornsicht - Sicht auf Entspannung\",\"description\":\"Sommer- und Winterferien in S\u00f6renberg\",\"publisher\":{\"@id\":\"https:\\\/\\\/rothornsicht.ch\\\/#organization\"},\"potentialAction\":[{\"@type\":\"SearchAction\",\"target\":{\"@type\":\"EntryPoint\",\"urlTemplate\":\"https:\\\/\\\/rothornsicht.ch\\\/?s={search_term_string}\"},\"query-input\":{\"@type\":\"PropertyValueSpecification\",\"valueRequired\":true,\"valueName\":\"search_term_string\"}}],\"inLanguage\":\"de\"},{\"@type\":\"Organization\",\"@id\":\"https:\\\/\\\/rothornsicht.ch\\\/#organization\",\"name\":\"Rothornsicht Ferienwohnung\",\"url\":\"https:\\\/\\\/rothornsicht.ch\\\/\",\"logo\":{\"@type\":\"ImageObject\",\"inLanguage\":\"de\",\"@id\":\"https:\\\/\\\/rothornsicht.ch\\\/#\\\/schema\\\/logo\\\/image\\\/\",\"url\":\"https:\\\/\\\/rothornsicht.ch\\\/wp-content\\\/uploads\\\/2025\\\/07\\\/cropped-Logo_Rothornsicht_ch_tr.png\",\"contentUrl\":\"https:\\\/\\\/rothornsicht.ch\\\/wp-content\\\/uploads\\\/2025\\\/07\\\/cropped-Logo_Rothornsicht_ch_tr.png\",\"width\":400,\"height\":319,\"caption\":\"Rothornsicht Ferienwohnung\"},\"image\":{\"@id\":\"https:\\\/\\\/rothornsicht.ch\\\/#\\\/schema\\\/logo\\\/image\\\/\"}}]}<\/script>\n<!-- \/ Yoast SEO plugin. -->","yoast_head_json":{"title":"- Ferienwohnung in S\u00f6renberg","description":"Erleben Sie unvergessliche Ferien in den Schweizer Alpen! Rothornsicht bietet eine gem\u00fctliche Unterkunft mit atemberaubender Aussicht aufs Rothorn. Wandern, Skifahren und Entspannen - jetzt buchen und die Bergwelt geniesen!","robots":{"index":"index","follow":"follow","max-snippet":"max-snippet:-1","max-image-preview":"max-image-preview:large","max-video-preview":"max-video-preview:-1"},"canonical":"https:\/\/rothornsicht.ch\/","og_locale":"de_DE","og_type":"article","og_title":"- Ferienwohnung in S\u00f6renberg","og_description":"Erleben Sie unvergessliche Ferien in den Schweizer Alpen! Rothornsicht bietet eine gem\u00fctliche Unterkunft mit atemberaubender Aussicht aufs Rothorn. Wandern, Skifahren und Entspannen - jetzt buchen und die Bergwelt geniesen!","og_url":"https:\/\/rothornsicht.ch\/","og_site_name":"Ferienwohnung in S\u00f6renberg","article_modified_time":"2026-01-07T08:57:07+00:00","og_image":[{"width":2560,"height":1920,"url":"https:\/\/rothornsicht.ch\/wp-content\/uploads\/2026\/01\/Aussicht-Bergstation-Steinetli-scaled.jpeg","type":"image\/jpeg"}],"twitter_card":"summary_large_image","twitter_misc":{"Gesch\u00e4tzte Lesezeit":"3\u00a0Minuten"},"schema":{"@context":"https:\/\/schema.org","@graph":[{"@type":"WebPage","@id":"https:\/\/rothornsicht.ch\/","url":"https:\/\/rothornsicht.ch\/","name":"- Ferienwohnung in S\u00f6renberg","isPartOf":{"@id":"https:\/\/rothornsicht.ch\/#website"},"primaryImageOfPage":{"@id":"https:\/\/rothornsicht.ch\/#primaryimage"},"image":{"@id":"https:\/\/rothornsicht.ch\/#primaryimage"},"thumbnailUrl":"https:\/\/rothornsicht.ch\/wp-content\/uploads\/2026\/01\/Aussicht-Bergstation-Steinetli-scaled.jpeg","datePublished":"2025-06-26T05:30:28+00:00","dateModified":"2026-01-07T08:57:07+00:00","description":"Erleben Sie unvergessliche Ferien in den Schweizer Alpen! Rothornsicht bietet eine gem\u00fctliche Unterkunft mit atemberaubender Aussicht aufs Rothorn. Wandern, Skifahren und Entspannen - jetzt buchen und die Bergwelt geniesen!","breadcrumb":{"@id":"https:\/\/rothornsicht.ch\/#breadcrumb"},"inLanguage":"de","potentialAction":[{"@type":"ReadAction","target":["https:\/\/rothornsicht.ch\/"]}]},{"@type":"ImageObject","inLanguage":"de","@id":"https:\/\/rothornsicht.ch\/#primaryimage","url":"https:\/\/rothornsicht.ch\/wp-content\/uploads\/2026\/01\/Aussicht-Bergstation-Steinetli-scaled.jpeg","contentUrl":"https:\/\/rothornsicht.ch\/wp-content\/uploads\/2026\/01\/Aussicht-Bergstation-Steinetli-scaled.jpeg","width":2560,"height":1920,"caption":"Aussicht Bergstation Steinetli"},{"@type":"BreadcrumbList","@id":"https:\/\/rothornsicht.ch\/#breadcrumb","itemListElement":[{"@type":"ListItem","position":1,"name":"Startseite","item":"https:\/\/rothornsicht.ch\/"},{"@type":"ListItem","position":2,"name":"Home"}]},{"@type":"WebSite","@id":"https:\/\/rothornsicht.ch\/#website","url":"https:\/\/rothornsicht.ch\/","name":"Rothornsicht - Sicht auf Entspannung","description":"Sommer- und Winterferien in S\u00f6renberg","publisher":{"@id":"https:\/\/rothornsicht.ch\/#organization"},"potentialAction":[{"@type":"SearchAction","target":{"@type":"EntryPoint","urlTemplate":"https:\/\/rothornsicht.ch\/?s={search_term_string}"},"query-input":{"@type":"PropertyValueSpecification","valueRequired":true,"valueName":"search_term_string"}}],"inLanguage":"de"},{"@type":"Organization","@id":"https:\/\/rothornsicht.ch\/#organization","name":"Rothornsicht Ferienwohnung","url":"https:\/\/rothornsicht.ch\/","logo":{"@type":"ImageObject","inLanguage":"de","@id":"https:\/\/rothornsicht.ch\/#\/schema\/logo\/image\/","url":"https:\/\/rothornsicht.ch\/wp-content\/uploads\/2025\/07\/cropped-Logo_Rothornsicht_ch_tr.png","contentUrl":"https:\/\/rothornsicht.ch\/wp-content\/uploads\/2025\/07\/cropped-Logo_Rothornsicht_ch_tr.png","width":400,"height":319,"caption":"Rothornsicht Ferienwohnung"},"image":{"@id":"https:\/\/rothornsicht.ch\/#\/schema\/logo\/image\/"}}]}},"jetpack_sharing_enabled":true,"_links":{"self":[{"href":"https:\/\/rothornsicht.ch\/index.php\/wp-json\/wp\/v2\/pages\/29","targetHints":{"allow":["GET"]}}],"collection":[{"href":"https:\/\/rothornsicht.ch\/index.php\/wp-json\/wp\/v2\/pages"}],"about":[{"href":"https:\/\/rothornsicht.ch\/index.php\/wp-json\/wp\/v2\/types\/page"}],"author":[{"embeddable":true,"href":"https:\/\/rothornsicht.ch\/index.php\/wp-json\/wp\/v2\/users\/1"}],"replies":[{"embeddable":true,"href":"https:\/\/rothornsicht.ch\/index.php\/wp-json\/wp\/v2\/comments?post=29"}],"version-history":[{"count":32,"href":"https:\/\/rothornsicht.ch\/index.php\/wp-json\/wp\/v2\/pages\/29\/revisions"}],"predecessor-version":[{"id":638,"href":"https:\/\/rothornsicht.ch\/index.php\/wp-json\/wp\/v2\/pages\/29\/revisions\/638"}],"wp:featuredmedia":[{"embeddable":true,"href":"https:\/\/rothornsicht.ch\/index.php\/wp-json\/wp\/v2\/media\/662"}],"wp:attachment":[{"href":"https:\/\/rothornsicht.ch\/index.php\/wp-json\/wp\/v2\/media?parent=29"}],"curies":[{"name":"wp","href":"https:\/\/api.w.org\/{rel}","templated":true}]}}