{"id":245,"date":"2025-07-28T19:51:12","date_gmt":"2025-07-28T19:51:12","guid":{"rendered":"https:\/\/rothornsicht.ch\/?page_id=245"},"modified":"2025-08-11T19:37:17","modified_gmt":"2025-08-11T19:37:17","slug":"praktische-info","status":"publish","type":"page","link":"https:\/\/rothornsicht.ch\/index.php\/praktische-info\/","title":{"rendered":"Mobilit\u00e4t"},"content":{"rendered":"\n<h2 class=\"wp-block-heading\">\u00d6ffentliche Verkehrsmittel<\/h2>\n\n\n\n<div class=\"wp-block-group is-nowrap is-layout-flex wp-container-core-group-is-layout-6c531013 wp-block-group-is-layout-flex\">\n<p>Es gibt <strong>eine Bushaltestelle namens &#8222;Schw\u00e4ndili&#8220; direkt beim Apartmentgeb\u00e4ude<\/strong>. Wenn du zum Beispiel St\u00e4dte mit \u00f6ffentlichen Verkehrsmitteln besuchen m\u00f6chtest, kannst du <strong>mit dem Postauto 241 nach Sch\u00fcpfheim<\/strong> fahren und dort in den Zug umsteigen. F\u00fcr den <strong>Echtzeit-Fahrplan<\/strong> der Haltestelle \u201eSchw\u00e4ndili\u201c (Max. eine Stunde voraus) kannst du den <strong>QR-Code<\/strong> scannen oder darauf klicken.<\/p>\n\n\n\n<figure class=\"wp-block-image size-large\"><a href=\"https:\/\/freemonitor.oevplus.ch\/monitor?clockType=%22noClock%22&amp;groupBy=%22mixed%22&amp;language=%22de%22&amp;rowType=%22interval%22&amp;showPlaceOfDeparture=false&amp;showPlatform=true&amp;stations=%5B%7B%22stationId%22%3A%228572884%22%7D%5D&amp;title=%22%22&amp;titleOptions=%22automatic%22\" target=\"_blank\" rel=\" noreferrer noopener\"><img loading=\"lazy\" decoding=\"async\" width=\"1024\" height=\"1024\" src=\"https:\/\/rothornsicht.ch\/wp-content\/uploads\/2025\/08\/Fahrplan_Postauto_241_Schwaendeli-1024x1024.png\" alt=\"\" class=\"wp-image-402\" style=\"object-fit:cover\" srcset=\"https:\/\/rothornsicht.ch\/wp-content\/uploads\/2025\/08\/Fahrplan_Postauto_241_Schwaendeli-1024x1024.png 1024w, https:\/\/rothornsicht.ch\/wp-content\/uploads\/2025\/08\/Fahrplan_Postauto_241_Schwaendeli-300x300.png 300w, https:\/\/rothornsicht.ch\/wp-content\/uploads\/2025\/08\/Fahrplan_Postauto_241_Schwaendeli-150x150.png 150w, https:\/\/rothornsicht.ch\/wp-content\/uploads\/2025\/08\/Fahrplan_Postauto_241_Schwaendeli-768x768.png 768w, https:\/\/rothornsicht.ch\/wp-content\/uploads\/2025\/08\/Fahrplan_Postauto_241_Schwaendeli-1536x1536.png 1536w, https:\/\/rothornsicht.ch\/wp-content\/uploads\/2025\/08\/Fahrplan_Postauto_241_Schwaendeli-2048x2048.png 2048w\" sizes=\"auto, (max-width: 1024px) 100vw, 1024px\" \/><\/a><\/figure>\n\n\n\n<div style=\"height:20px;width:0px\" aria-hidden=\"true\" class=\"wp-block-spacer wp-container-content-62aae154\"><\/div>\n<\/div>\n\n\n\n<div style=\"height:20px\" aria-hidden=\"true\" class=\"wp-block-spacer\"><\/div>\n\n\n\n<div class=\"wp-block-group is-vertical is-layout-flex wp-container-core-group-is-layout-fe9cc265 wp-block-group-is-layout-flex\">\n<div class=\"wp-block-group is-content-justification-left is-nowrap is-layout-flex wp-container-core-group-is-layout-fc9f69e7 wp-block-group-is-layout-flex\">\n<p>Ungef\u00e4hre Fahrzeiten mit \u00f6ffentlichen Verkehrsmitteln nach:<\/p>\n<\/div>\n\n\n\n<div class=\"wp-block-group is-content-justification-left is-nowrap is-layout-flex wp-container-core-group-is-layout-fc9f69e7 wp-block-group-is-layout-flex\">\n<figure class=\"wp-block-table\"><table class=\"has-fixed-layout\"><tbody><tr><td><strong>Luzern<\/strong><\/td><td>1 Stunde und 15 Minuten<\/td><\/tr><tr><td><strong>Bern<\/strong><\/td><td>1 Stunde und 30 Minuten<\/td><\/tr><tr><td><strong>Z\u00fcrich<\/strong><\/td><td>2 Stunden<\/td><\/tr><tr><td><strong>Brienz<\/strong><\/td><td>1 Stunde (Rothorn Seilbahn + Dampfzug)<\/td><\/tr><\/tbody><\/table><\/figure>\n<\/div>\n<\/div>\n\n\n\n<div style=\"height:20px\" aria-hidden=\"true\" class=\"wp-block-spacer\"><\/div>\n\n\n\n<p>Plan deine Reise mit \u00f6ffentlichen Verkehrsmitteln <a href=\"https:\/\/www.sbb.ch\/\" target=\"_blank\" rel=\"noreferrer noopener\">hier<\/a>.<\/p>\n\n\n\n<hr class=\"wp-block-separator has-text-color has-accent-color has-alpha-channel-opacity has-accent-background-color has-background is-style-default\" style=\"margin-top:var(--wp--preset--spacing--50);margin-bottom:var(--wp--preset--spacing--50)\"\/>\n\n\n\n<h2 class=\"wp-block-heading\">EV Ladestation<\/h2>\n\n\n\n<p>Eine Ladestation mit 2 Parkpl\u00e4tze (max. 22 kW) befindet sich in 550 Metern Entfernung. Diese Station wird von Shell Recharge betrieben. Informationen zur Verf\u00fcgbarkeit und zu den Zahlungsm\u00f6glichkeiten finden Sie auf der Website.<\/p>\n\n\n\n<iframe src=\"https:\/\/www.google.com\/maps\/embed?pb=!1m18!1m12!1m3!1d1619.3559507104821!2d8.040118329226967!3d46.817499993973186!2m3!1f0!2f0!3f0!3m2!1i1024!2i768!4f13.1!3m3!1m2!1s0x478f9501d220e7cf%3A0x60a2f5ea9d213e45!2sShell%20Recharge%20Ladestation!5e1!3m2!1sde!2sch!4v1753731386356!5m2!1sde!2sch\" width=\"600\" height=\"450\" style=\"border:0;\" allowfullscreen=\"\" loading=\"lazy\" referrerpolicy=\"no-referrer-when-downgrade\"><\/iframe>\n\n\n\n<div style=\"height:20px\" aria-hidden=\"true\" class=\"wp-block-spacer\"><\/div>\n\n\n\n<hr class=\"wp-block-separator has-text-color has-accent-color has-alpha-channel-opacity has-accent-background-color has-background\" style=\"margin-top:var(--wp--preset--spacing--50);margin-bottom:var(--wp--preset--spacing--50)\"\/>\n\n\n\n<h2 class=\"wp-block-heading\">Tankstelle<\/h2>\n\n\n\n<p>In einer Entfernung von 1 Kilometer befindet sich eine selbst bedienbare Agrola-Tankstelle, an der Sie mit Ihrer Kreditkarte tanken k\u00f6nnen.<\/p>\n\n\n\n<iframe src=\"https:\/\/www.google.com\/maps\/embed?pb=!1m18!1m12!1m3!1d6477.1866753223185!2d8.035064576665105!3d46.81946844200013!2m3!1f0!2f0!3f0!3m2!1i1024!2i768!4f13.1!3m3!1m2!1s0x478f9506a59b2353%3A0x1788afa6dd6762ac!2sAGROLA!5e1!3m2!1sde!2sch!4v1753732200760!5m2!1sde!2sch\" width=\"600\" height=\"450\" style=\"border:0;\" allowfullscreen=\"\" loading=\"lazy\" referrerpolicy=\"no-referrer-when-downgrade\"><\/iframe>\n\n\n\n<hr class=\"wp-block-separator has-text-color has-accent-color has-alpha-channel-opacity has-accent-background-color has-background\" style=\"margin-top:var(--wp--preset--spacing--50);margin-bottom:var(--wp--preset--spacing--50)\"\/>\n\n\n\n<h2 class=\"wp-block-heading\"><\/h2>\n","protected":false},"excerpt":{"rendered":"<p>\u00d6ffentliche Verkehrsmittel Es gibt eine Bushaltestelle namens &#8222;Schw\u00e4ndili&#8220; direkt beim Apartmentgeb\u00e4ude. Wenn du zum Beispiel St\u00e4dte mit \u00f6ffentlichen Verkehrsmitteln besuchen m\u00f6chtest, kannst du mit dem Postauto 241 nach Sch\u00fcpfheim fahren und dort in den Zug umsteigen. F\u00fcr den Echtzeit-Fahrplan der Haltestelle \u201eSchw\u00e4ndili\u201c (Max. eine Stunde voraus) kannst du den QR-Code [&hellip;]<\/p>\n","protected":false},"author":1,"featured_media":0,"parent":0,"menu_order":0,"comment_status":"closed","ping_status":"closed","template":"","meta":{"footnotes":""},"class_list":["post-245","page","type-page","status-publish","hentry"],"yoast_head":"<!-- This site is optimized with the Yoast SEO plugin v27.4 - https:\/\/yoast.com\/product\/yoast-seo-wordpress\/ -->\n<title>Mobilit\u00e4t - Ferienwohnung in S\u00f6renberg<\/title>\n<meta name=\"robots\" content=\"index, follow, max-snippet:-1, max-image-preview:large, max-video-preview:-1\" \/>\n<link rel=\"canonical\" href=\"https:\/\/rothornsicht.ch\/index.php\/praktische-info\/\" \/>\n<meta property=\"og:locale\" content=\"de_DE\" \/>\n<meta property=\"og:type\" content=\"article\" \/>\n<meta property=\"og:title\" content=\"Mobilit\u00e4t - Ferienwohnung in S\u00f6renberg\" \/>\n<meta property=\"og:description\" content=\"\u00d6ffentliche Verkehrsmittel Es gibt eine Bushaltestelle namens &#8222;Schw\u00e4ndili&#8220; direkt beim Apartmentgeb\u00e4ude. Wenn du zum Beispiel St\u00e4dte mit \u00f6ffentlichen Verkehrsmitteln besuchen m\u00f6chtest, kannst du mit dem Postauto 241 nach Sch\u00fcpfheim fahren und dort in den Zug umsteigen. F\u00fcr den Echtzeit-Fahrplan der Haltestelle \u201eSchw\u00e4ndili\u201c (Max. eine Stunde voraus) kannst du den QR-Code [&hellip;]\" \/>\n<meta property=\"og:url\" content=\"https:\/\/rothornsicht.ch\/index.php\/praktische-info\/\" \/>\n<meta property=\"og:site_name\" content=\"Ferienwohnung in S\u00f6renberg\" \/>\n<meta property=\"article:modified_time\" content=\"2025-08-11T19:37:17+00:00\" \/>\n<meta property=\"og:image\" content=\"https:\/\/rothornsicht.ch\/wp-content\/uploads\/2025\/08\/Fahrplan_Postauto_241_Schwaendeli.png\" \/>\n\t<meta property=\"og:image:width\" content=\"2139\" \/>\n\t<meta property=\"og:image:height\" content=\"2139\" \/>\n\t<meta property=\"og:image:type\" content=\"image\/png\" \/>\n<meta name=\"twitter:card\" content=\"summary_large_image\" \/>\n<meta name=\"twitter:label1\" content=\"Gesch\u00e4tzte Lesezeit\" \/>\n\t<meta name=\"twitter:data1\" content=\"2\u00a0Minuten\" \/>\n<script type=\"application\/ld+json\" class=\"yoast-schema-graph\">{\"@context\":\"https:\\\/\\\/schema.org\",\"@graph\":[{\"@type\":\"WebPage\",\"@id\":\"https:\\\/\\\/rothornsicht.ch\\\/index.php\\\/praktische-info\\\/\",\"url\":\"https:\\\/\\\/rothornsicht.ch\\\/index.php\\\/praktische-info\\\/\",\"name\":\"Mobilit\u00e4t - Ferienwohnung in S\u00f6renberg\",\"isPartOf\":{\"@id\":\"https:\\\/\\\/rothornsicht.ch\\\/#website\"},\"primaryImageOfPage\":{\"@id\":\"https:\\\/\\\/rothornsicht.ch\\\/index.php\\\/praktische-info\\\/#primaryimage\"},\"image\":{\"@id\":\"https:\\\/\\\/rothornsicht.ch\\\/index.php\\\/praktische-info\\\/#primaryimage\"},\"thumbnailUrl\":\"https:\\\/\\\/rothornsicht.ch\\\/wp-content\\\/uploads\\\/2025\\\/08\\\/Fahrplan_Postauto_241_Schwaendeli-1024x1024.png\",\"datePublished\":\"2025-07-28T19:51:12+00:00\",\"dateModified\":\"2025-08-11T19:37:17+00:00\",\"breadcrumb\":{\"@id\":\"https:\\\/\\\/rothornsicht.ch\\\/index.php\\\/praktische-info\\\/#breadcrumb\"},\"inLanguage\":\"de\",\"potentialAction\":[{\"@type\":\"ReadAction\",\"target\":[\"https:\\\/\\\/rothornsicht.ch\\\/index.php\\\/praktische-info\\\/\"]}]},{\"@type\":\"ImageObject\",\"inLanguage\":\"de\",\"@id\":\"https:\\\/\\\/rothornsicht.ch\\\/index.php\\\/praktische-info\\\/#primaryimage\",\"url\":\"https:\\\/\\\/rothornsicht.ch\\\/wp-content\\\/uploads\\\/2025\\\/08\\\/Fahrplan_Postauto_241_Schwaendeli.png\",\"contentUrl\":\"https:\\\/\\\/rothornsicht.ch\\\/wp-content\\\/uploads\\\/2025\\\/08\\\/Fahrplan_Postauto_241_Schwaendeli.png\",\"width\":2139,\"height\":2139},{\"@type\":\"BreadcrumbList\",\"@id\":\"https:\\\/\\\/rothornsicht.ch\\\/index.php\\\/praktische-info\\\/#breadcrumb\",\"itemListElement\":[{\"@type\":\"ListItem\",\"position\":1,\"name\":\"Startseite\",\"item\":\"https:\\\/\\\/rothornsicht.ch\\\/\"},{\"@type\":\"ListItem\",\"position\":2,\"name\":\"Mobilit\u00e4t\"}]},{\"@type\":\"WebSite\",\"@id\":\"https:\\\/\\\/rothornsicht.ch\\\/#website\",\"url\":\"https:\\\/\\\/rothornsicht.ch\\\/\",\"name\":\"Rothornsicht - Sicht auf Entspannung\",\"description\":\"Sommer- und Winterferien in S\u00f6renberg\",\"publisher\":{\"@id\":\"https:\\\/\\\/rothornsicht.ch\\\/#organization\"},\"potentialAction\":[{\"@type\":\"SearchAction\",\"target\":{\"@type\":\"EntryPoint\",\"urlTemplate\":\"https:\\\/\\\/rothornsicht.ch\\\/?s={search_term_string}\"},\"query-input\":{\"@type\":\"PropertyValueSpecification\",\"valueRequired\":true,\"valueName\":\"search_term_string\"}}],\"inLanguage\":\"de\"},{\"@type\":\"Organization\",\"@id\":\"https:\\\/\\\/rothornsicht.ch\\\/#organization\",\"name\":\"Rothornsicht Ferienwohnung\",\"url\":\"https:\\\/\\\/rothornsicht.ch\\\/\",\"logo\":{\"@type\":\"ImageObject\",\"inLanguage\":\"de\",\"@id\":\"https:\\\/\\\/rothornsicht.ch\\\/#\\\/schema\\\/logo\\\/image\\\/\",\"url\":\"https:\\\/\\\/rothornsicht.ch\\\/wp-content\\\/uploads\\\/2025\\\/07\\\/cropped-Logo_Rothornsicht_ch_tr.png\",\"contentUrl\":\"https:\\\/\\\/rothornsicht.ch\\\/wp-content\\\/uploads\\\/2025\\\/07\\\/cropped-Logo_Rothornsicht_ch_tr.png\",\"width\":400,\"height\":319,\"caption\":\"Rothornsicht Ferienwohnung\"},\"image\":{\"@id\":\"https:\\\/\\\/rothornsicht.ch\\\/#\\\/schema\\\/logo\\\/image\\\/\"}}]}<\/script>\n<!-- \/ Yoast SEO plugin. -->","yoast_head_json":{"title":"Mobilit\u00e4t - Ferienwohnung in S\u00f6renberg","robots":{"index":"index","follow":"follow","max-snippet":"max-snippet:-1","max-image-preview":"max-image-preview:large","max-video-preview":"max-video-preview:-1"},"canonical":"https:\/\/rothornsicht.ch\/index.php\/praktische-info\/","og_locale":"de_DE","og_type":"article","og_title":"Mobilit\u00e4t - Ferienwohnung in S\u00f6renberg","og_description":"\u00d6ffentliche Verkehrsmittel Es gibt eine Bushaltestelle namens &#8222;Schw\u00e4ndili&#8220; direkt beim Apartmentgeb\u00e4ude. Wenn du zum Beispiel St\u00e4dte mit \u00f6ffentlichen Verkehrsmitteln besuchen m\u00f6chtest, kannst du mit dem Postauto 241 nach Sch\u00fcpfheim fahren und dort in den Zug umsteigen. F\u00fcr den Echtzeit-Fahrplan der Haltestelle \u201eSchw\u00e4ndili\u201c (Max. eine Stunde voraus) kannst du den QR-Code [&hellip;]","og_url":"https:\/\/rothornsicht.ch\/index.php\/praktische-info\/","og_site_name":"Ferienwohnung in S\u00f6renberg","article_modified_time":"2025-08-11T19:37:17+00:00","og_image":[{"width":2139,"height":2139,"url":"https:\/\/rothornsicht.ch\/wp-content\/uploads\/2025\/08\/Fahrplan_Postauto_241_Schwaendeli.png","type":"image\/png"}],"twitter_card":"summary_large_image","twitter_misc":{"Gesch\u00e4tzte Lesezeit":"2\u00a0Minuten"},"schema":{"@context":"https:\/\/schema.org","@graph":[{"@type":"WebPage","@id":"https:\/\/rothornsicht.ch\/index.php\/praktische-info\/","url":"https:\/\/rothornsicht.ch\/index.php\/praktische-info\/","name":"Mobilit\u00e4t - Ferienwohnung in S\u00f6renberg","isPartOf":{"@id":"https:\/\/rothornsicht.ch\/#website"},"primaryImageOfPage":{"@id":"https:\/\/rothornsicht.ch\/index.php\/praktische-info\/#primaryimage"},"image":{"@id":"https:\/\/rothornsicht.ch\/index.php\/praktische-info\/#primaryimage"},"thumbnailUrl":"https:\/\/rothornsicht.ch\/wp-content\/uploads\/2025\/08\/Fahrplan_Postauto_241_Schwaendeli-1024x1024.png","datePublished":"2025-07-28T19:51:12+00:00","dateModified":"2025-08-11T19:37:17+00:00","breadcrumb":{"@id":"https:\/\/rothornsicht.ch\/index.php\/praktische-info\/#breadcrumb"},"inLanguage":"de","potentialAction":[{"@type":"ReadAction","target":["https:\/\/rothornsicht.ch\/index.php\/praktische-info\/"]}]},{"@type":"ImageObject","inLanguage":"de","@id":"https:\/\/rothornsicht.ch\/index.php\/praktische-info\/#primaryimage","url":"https:\/\/rothornsicht.ch\/wp-content\/uploads\/2025\/08\/Fahrplan_Postauto_241_Schwaendeli.png","contentUrl":"https:\/\/rothornsicht.ch\/wp-content\/uploads\/2025\/08\/Fahrplan_Postauto_241_Schwaendeli.png","width":2139,"height":2139},{"@type":"BreadcrumbList","@id":"https:\/\/rothornsicht.ch\/index.php\/praktische-info\/#breadcrumb","itemListElement":[{"@type":"ListItem","position":1,"name":"Startseite","item":"https:\/\/rothornsicht.ch\/"},{"@type":"ListItem","position":2,"name":"Mobilit\u00e4t"}]},{"@type":"WebSite","@id":"https:\/\/rothornsicht.ch\/#website","url":"https:\/\/rothornsicht.ch\/","name":"Rothornsicht - Sicht auf Entspannung","description":"Sommer- und Winterferien in S\u00f6renberg","publisher":{"@id":"https:\/\/rothornsicht.ch\/#organization"},"potentialAction":[{"@type":"SearchAction","target":{"@type":"EntryPoint","urlTemplate":"https:\/\/rothornsicht.ch\/?s={search_term_string}"},"query-input":{"@type":"PropertyValueSpecification","valueRequired":true,"valueName":"search_term_string"}}],"inLanguage":"de"},{"@type":"Organization","@id":"https:\/\/rothornsicht.ch\/#organization","name":"Rothornsicht Ferienwohnung","url":"https:\/\/rothornsicht.ch\/","logo":{"@type":"ImageObject","inLanguage":"de","@id":"https:\/\/rothornsicht.ch\/#\/schema\/logo\/image\/","url":"https:\/\/rothornsicht.ch\/wp-content\/uploads\/2025\/07\/cropped-Logo_Rothornsicht_ch_tr.png","contentUrl":"https:\/\/rothornsicht.ch\/wp-content\/uploads\/2025\/07\/cropped-Logo_Rothornsicht_ch_tr.png","width":400,"height":319,"caption":"Rothornsicht Ferienwohnung"},"image":{"@id":"https:\/\/rothornsicht.ch\/#\/schema\/logo\/image\/"}}]}},"jetpack_sharing_enabled":true,"_links":{"self":[{"href":"https:\/\/rothornsicht.ch\/index.php\/wp-json\/wp\/v2\/pages\/245","targetHints":{"allow":["GET"]}}],"collection":[{"href":"https:\/\/rothornsicht.ch\/index.php\/wp-json\/wp\/v2\/pages"}],"about":[{"href":"https:\/\/rothornsicht.ch\/index.php\/wp-json\/wp\/v2\/types\/page"}],"author":[{"embeddable":true,"href":"https:\/\/rothornsicht.ch\/index.php\/wp-json\/wp\/v2\/users\/1"}],"replies":[{"embeddable":true,"href":"https:\/\/rothornsicht.ch\/index.php\/wp-json\/wp\/v2\/comments?post=245"}],"version-history":[{"count":49,"href":"https:\/\/rothornsicht.ch\/index.php\/wp-json\/wp\/v2\/pages\/245\/revisions"}],"predecessor-version":[{"id":463,"href":"https:\/\/rothornsicht.ch\/index.php\/wp-json\/wp\/v2\/pages\/245\/revisions\/463"}],"wp:attachment":[{"href":"https:\/\/rothornsicht.ch\/index.php\/wp-json\/wp\/v2\/media?parent=245"}],"curies":[{"name":"wp","href":"https:\/\/api.w.org\/{rel}","templated":true}]}}